{"id":269,"date":"2024-06-28T09:20:47","date_gmt":"2024-06-28T09:20:47","guid":{"rendered":"https:\/\/viveros.osuna.es\/?page_id=269"},"modified":"2024-06-28T09:37:07","modified_gmt":"2024-06-28T09:37:07","slug":"acacias","status":"publish","type":"page","link":"https:\/\/viveros.osuna.es\/?page_id=269","title":{"rendered":"Acacias"},"content":{"rendered":"<p>[et_pb_section fb_built=\u00bb1&#8243; fullwidth=\u00bbon\u00bb theme_builder_area=\u00bbpost_content\u00bb _builder_version=\u00bb4.25.2&#8243; _module_preset=\u00bbdefault\u00bb][et_pb_fullwidth_slider _builder_version=\u00bb4.25.2&#8243; _module_preset=\u00bbdefault\u00bb theme_builder_area=\u00bbpost_content\u00bb hover_enabled=\u00bb0&#8243; sticky_enabled=\u00bb0&#8243; custom_padding=\u00bb||0px|||\u00bb use_bg_overlay=\u00bbon\u00bb use_text_overlay=\u00bbon\u00bb][et_pb_slide heading=\u00bbAcacias: Un oasis de sombra y flores en el coraz\u00f3n del desierto\u00bb _builder_version=\u00bb4.25.2&#8243; _module_preset=\u00bbdefault\u00bb theme_builder_area=\u00bbpost_content\u00bb hover_enabled=\u00bb0&#8243; sticky_enabled=\u00bb0&#8243; title_text=\u00bbacacias-slider\u00bb background_image=\u00bbhttps:\/\/viveros.osuna.es\/wp-content\/uploads\/2024\/06\/acacias-slider.jpg\u00bb background_enable_image=\u00bbon\u00bb use_bg_overlay=\u00bbon\u00bb use_text_overlay=\u00bbon\u00bb][\/et_pb_slide][\/et_pb_fullwidth_slider][\/et_pb_section][et_pb_section fb_built=\u00bb1&#8243; theme_builder_area=\u00bbpost_content\u00bb _builder_version=\u00bb4.25.2&#8243; _module_preset=\u00bbdefault\u00bb][et_pb_row _builder_version=\u00bb4.25.2&#8243; _module_preset=\u00bbdefault\u00bb column_structure=\u00bb1_2,1_2&#8243; theme_builder_area=\u00bbpost_content\u00bb][et_pb_column _builder_version=\u00bb4.25.2&#8243; _module_preset=\u00bbdefault\u00bb type=\u00bb1_2&#8243; theme_builder_area=\u00bbpost_content\u00bb][et_pb_image src=\u00bbhttps:\/\/viveros.osuna.es\/wp-content\/uploads\/2024\/06\/acaciafinal.jpg\u00bb _builder_version=\u00bb4.25.2&#8243; _module_preset=\u00bbdefault\u00bb theme_builder_area=\u00bbpost_content\u00bb title_text=\u00bbacaciafinal\u00bb hover_enabled=\u00bb0&#8243; sticky_enabled=\u00bb0&#8243;][\/et_pb_image][\/et_pb_column][et_pb_column _builder_version=\u00bb4.25.2&#8243; _module_preset=\u00bbdefault\u00bb type=\u00bb1_2&#8243; theme_builder_area=\u00bbpost_content\u00bb][et_pb_text _builder_version=\u00bb4.25.2&#8243; _module_preset=\u00bbdefault\u00bb theme_builder_area=\u00bbpost_content\u00bb hover_enabled=\u00bb0&#8243; sticky_enabled=\u00bb0&#8243;]<\/p>\n<p>Son \u00e1rboles o arbustos, espinosos o inermes, caducifolios o perennifolios con ramas alternas, inermes o espinosas.3\u200b Tienen hojas pulvinuladas, estipuladas o no, pecioladas, uni o bi paripinnadas, o reducidas a filodios; las est\u00edpulas son libres entre s\u00ed, fugaces o muy desarrolladas y transformadas en espinas; el raquis muestra frecuentemente gl\u00e1ndulas, m\u00e1s o menos anulares, situadas en la base de las pinnas y los fol\u00edolos son de margen entero.<\/p>\n<p>Los s\u00e9palos, en n\u00famero de 4-5, est\u00e1n soldados en la base y m\u00e1s o menos obtusos. Los 4-5 p\u00e9talos son m\u00e1s largos que los s\u00e9palos, agudos, soldados en la base para formar un tubo.<\/p>\n<p>[\/et_pb_text][\/et_pb_column][\/et_pb_row][\/et_pb_section]<\/p>\n","protected":false},"excerpt":{"rendered":"<p>Son \u00e1rboles o arbustos, espinosos o inermes, caducifolios o perennifolios con ramas alternas, inermes o espinosas.3\u200b Tienen hojas pulvinuladas, estipuladas o no, pecioladas, uni o bi paripinnadas, o reducidas a filodios; las est\u00edpulas son libres entre s\u00ed, fugaces o muy desarrolladas y transformadas en espinas; el raquis muestra frecuentemente gl\u00e1ndulas, m\u00e1s o menos anulares, situadas [&hellip;]<\/p>\n","protected":false},"author":1,"featured_media":0,"parent":0,"menu_order":0,"comment_status":"closed","ping_status":"closed","template":"","meta":{"_et_pb_use_builder":"on","_et_pb_old_content":"<!-- wp:divi\/placeholder \/-->","_et_gb_content_width":"","footnotes":""},"class_list":["post-269","page","type-page","status-publish","hentry"],"_links":{"self":[{"href":"https:\/\/viveros.osuna.es\/index.php?rest_route=\/wp\/v2\/pages\/269","targetHints":{"allow":["GET"]}}],"collection":[{"href":"https:\/\/viveros.osuna.es\/index.php?rest_route=\/wp\/v2\/pages"}],"about":[{"href":"https:\/\/viveros.osuna.es\/index.php?rest_route=\/wp\/v2\/types\/page"}],"author":[{"embeddable":true,"href":"https:\/\/viveros.osuna.es\/index.php?rest_route=\/wp\/v2\/users\/1"}],"replies":[{"embeddable":true,"href":"https:\/\/viveros.osuna.es\/index.php?rest_route=%2Fwp%2Fv2%2Fcomments&post=269"}],"version-history":[{"count":3,"href":"https:\/\/viveros.osuna.es\/index.php?rest_route=\/wp\/v2\/pages\/269\/revisions"}],"predecessor-version":[{"id":282,"href":"https:\/\/viveros.osuna.es\/index.php?rest_route=\/wp\/v2\/pages\/269\/revisions\/282"}],"wp:attachment":[{"href":"https:\/\/viveros.osuna.es\/index.php?rest_route=%2Fwp%2Fv2%2Fmedia&parent=269"}],"curies":[{"name":"wp","href":"https:\/\/api.w.org\/{rel}","templated":true}]}}