{"id":251,"date":"2024-06-28T07:01:29","date_gmt":"2024-06-28T07:01:29","guid":{"rendered":"https:\/\/viveros.osuna.es\/?page_id=251"},"modified":"2024-06-28T07:14:38","modified_gmt":"2024-06-28T07:14:38","slug":"ceibo","status":"publish","type":"page","link":"https:\/\/viveros.osuna.es\/?page_id=251","title":{"rendered":"Ceibo"},"content":{"rendered":"<p>[et_pb_section fb_built=\u00bb1&#8243; fullwidth=\u00bbon\u00bb theme_builder_area=\u00bbpost_content\u00bb _builder_version=\u00bb4.25.2&#8243; _module_preset=\u00bbdefault\u00bb][et_pb_fullwidth_slider _builder_version=\u00bb4.25.2&#8243; _module_preset=\u00bbdefault\u00bb theme_builder_area=\u00bbpost_content\u00bb hover_enabled=\u00bb0&#8243; sticky_enabled=\u00bb0&#8243; custom_padding=\u00bb||0px|||\u00bb][et_pb_slide heading=\u00bbCeibo: Un faro rojo que gu\u00eda a los viajeros en la inmensidad\u00bb _builder_version=\u00bb4.25.2&#8243; _module_preset=\u00bbdefault\u00bb theme_builder_area=\u00bbpost_content\u00bb hover_enabled=\u00bb0&#8243; sticky_enabled=\u00bb0&#8243; title_text=\u00bbceiboslider\u00bb background_image=\u00bbhttps:\/\/viveros.osuna.es\/wp-content\/uploads\/2024\/06\/ceiboslider.jpg\u00bb background_enable_image=\u00bbon\u00bb use_bg_overlay=\u00bbon\u00bb use_text_overlay=\u00bbon\u00bb][\/et_pb_slide][\/et_pb_fullwidth_slider][\/et_pb_section][et_pb_section fb_built=\u00bb1&#8243; theme_builder_area=\u00bbpost_content\u00bb _builder_version=\u00bb4.25.2&#8243; _module_preset=\u00bbdefault\u00bb][et_pb_row _builder_version=\u00bb4.25.2&#8243; _module_preset=\u00bbdefault\u00bb column_structure=\u00bb1_2,1_2&#8243; theme_builder_area=\u00bbpost_content\u00bb][et_pb_column _builder_version=\u00bb4.25.2&#8243; _module_preset=\u00bbdefault\u00bb type=\u00bb1_2&#8243; theme_builder_area=\u00bbpost_content\u00bb][et_pb_image src=\u00bbhttps:\/\/viveros.osuna.es\/wp-content\/uploads\/2024\/06\/ceibofinal.jpg\u00bb _builder_version=\u00bb4.25.2&#8243; _module_preset=\u00bbdefault\u00bb theme_builder_area=\u00bbpost_content\u00bb hover_enabled=\u00bb0&#8243; sticky_enabled=\u00bb0&#8243; title_text=\u00bbceibofinal\u00bb][\/et_pb_image][\/et_pb_column][et_pb_column _builder_version=\u00bb4.25.2&#8243; _module_preset=\u00bbdefault\u00bb type=\u00bb1_2&#8243; theme_builder_area=\u00bbpost_content\u00bb][et_pb_text _builder_version=\u00bb4.25.2&#8243; _module_preset=\u00bbdefault\u00bb theme_builder_area=\u00bbpost_content\u00bb hover_enabled=\u00bb0&#8243; sticky_enabled=\u00bb0&#8243;]<\/p>\n<p>Es un \u00e1rbol de porte mediano que puede alcanzar entre 5 a 8 m de altura, llegando raramente hasta los 20 m. y con un di\u00e1metro de tronco de m\u00e1s de 50 cm. Su ra\u00edz es pivotante, con nudosidades producidas por bacterias nitrificantes que viven en simbiosis, facilitando a esta la absorci\u00f3n del nitr\u00f3geno que fijan y de la cual toman las sustancias org\u00e1nicas que elabora.<\/p>\n<p>El tronco es tortuoso e irregular, con ramas espinosas que crecen de forma desordenada y mueren tras la floraci\u00f3n. Las hojas son caducas, compuestas de tres l\u00e1minas oblongo-lanceoladas con textura cori\u00e1cea.<\/p>\n<p>Las flores, de color rojo, surgen en inflorescencias arracimadas, tienen cinco p\u00e9talos con simetr\u00eda bilateral.<\/p>\n<p>[\/et_pb_text][\/et_pb_column][\/et_pb_row][\/et_pb_section]<\/p>\n","protected":false},"excerpt":{"rendered":"<p>Es un \u00e1rbol de porte mediano que puede alcanzar entre 5 a 8 m de altura, llegando raramente hasta los 20 m. y con un di\u00e1metro de tronco de m\u00e1s de 50 cm. Su ra\u00edz es pivotante, con nudosidades producidas por bacterias nitrificantes que viven en simbiosis, facilitando a esta la absorci\u00f3n del nitr\u00f3geno que [&hellip;]<\/p>\n","protected":false},"author":1,"featured_media":0,"parent":0,"menu_order":0,"comment_status":"closed","ping_status":"closed","template":"","meta":{"_et_pb_use_builder":"on","_et_pb_old_content":"<!-- wp:divi\/placeholder \/-->","_et_gb_content_width":"","footnotes":""},"class_list":["post-251","page","type-page","status-publish","hentry"],"_links":{"self":[{"href":"https:\/\/viveros.osuna.es\/index.php?rest_route=\/wp\/v2\/pages\/251","targetHints":{"allow":["GET"]}}],"collection":[{"href":"https:\/\/viveros.osuna.es\/index.php?rest_route=\/wp\/v2\/pages"}],"about":[{"href":"https:\/\/viveros.osuna.es\/index.php?rest_route=\/wp\/v2\/types\/page"}],"author":[{"embeddable":true,"href":"https:\/\/viveros.osuna.es\/index.php?rest_route=\/wp\/v2\/users\/1"}],"replies":[{"embeddable":true,"href":"https:\/\/viveros.osuna.es\/index.php?rest_route=%2Fwp%2Fv2%2Fcomments&post=251"}],"version-history":[{"count":3,"href":"https:\/\/viveros.osuna.es\/index.php?rest_route=\/wp\/v2\/pages\/251\/revisions"}],"predecessor-version":[{"id":262,"href":"https:\/\/viveros.osuna.es\/index.php?rest_route=\/wp\/v2\/pages\/251\/revisions\/262"}],"wp:attachment":[{"href":"https:\/\/viveros.osuna.es\/index.php?rest_route=%2Fwp%2Fv2%2Fmedia&parent=251"}],"curies":[{"name":"wp","href":"https:\/\/api.w.org\/{rel}","templated":true}]}}