{"id":239,"date":"2024-06-28T06:47:10","date_gmt":"2024-06-28T06:47:10","guid":{"rendered":"https:\/\/viveros.osuna.es\/?page_id=239"},"modified":"2024-06-28T07:00:10","modified_gmt":"2024-06-28T07:00:10","slug":"algarrobo","status":"publish","type":"page","link":"https:\/\/viveros.osuna.es\/?page_id=239","title":{"rendered":"Algarrobo"},"content":{"rendered":"<p>[et_pb_section fb_built=\u00bb1&#8243; fullwidth=\u00bbon\u00bb theme_builder_area=\u00bbpost_content\u00bb _builder_version=\u00bb4.25.2&#8243; _module_preset=\u00bbdefault\u00bb][et_pb_fullwidth_slider _builder_version=\u00bb4.25.2&#8243; _module_preset=\u00bbdefault\u00bb theme_builder_area=\u00bbpost_content\u00bb hover_enabled=\u00bb0&#8243; sticky_enabled=\u00bb0&#8243; min_height=\u00bb394.6px\u00bb custom_padding=\u00bb||0px|||\u00bb][et_pb_slide heading=\u00bbAlgarrobos: Un \u00e1rbol que embellece su paisaje y enriquece su vida\u00bb _builder_version=\u00bb4.25.2&#8243; _module_preset=\u00bbdefault\u00bb theme_builder_area=\u00bbpost_content\u00bb title_text=\u00bbalgarrobofoto\u00bb background_image=\u00bbhttps:\/\/viveros.osuna.es\/wp-content\/uploads\/2024\/06\/algarrobofoto.jpg\u00bb background_enable_image=\u00bbon\u00bb hover_enabled=\u00bb0&#8243; sticky_enabled=\u00bb0&#8243; use_bg_overlay=\u00bbon\u00bb use_text_overlay=\u00bbon\u00bb][\/et_pb_slide][et_pb_slide heading=\u00bbSu t\u00edtulo va aqu\u00ed\u00bb button_text=\u00bbClics\u00bb _builder_version=\u00bb4.25.2&#8243; _module_preset=\u00bbdefault\u00bb theme_builder_area=\u00bbpost_content\u00bb]<\/p>\n<p>Your content goes here. Edit or remove this text inline or in the module Content settings. You can also style every aspect of this content in the module Design settings and even apply custom CSS to this text in the module Advanced settings.<\/p>\n<p>[\/et_pb_slide][\/et_pb_fullwidth_slider][\/et_pb_section][et_pb_section fb_built=\u00bb1&#8243; theme_builder_area=\u00bbpost_content\u00bb _builder_version=\u00bb4.25.2&#8243; _module_preset=\u00bbdefault\u00bb][et_pb_row _builder_version=\u00bb4.25.2&#8243; _module_preset=\u00bbdefault\u00bb column_structure=\u00bb1_2,1_2&#8243; theme_builder_area=\u00bbpost_content\u00bb][et_pb_column _builder_version=\u00bb4.25.2&#8243; _module_preset=\u00bbdefault\u00bb type=\u00bb1_2&#8243; theme_builder_area=\u00bbpost_content\u00bb][et_pb_image src=\u00bbhttps:\/\/viveros.osuna.es\/wp-content\/uploads\/2024\/06\/algarrobofinal-1.jpg\u00bb _builder_version=\u00bb4.25.2&#8243; _module_preset=\u00bbdefault\u00bb theme_builder_area=\u00bbpost_content\u00bb title_text=\u00bbalgarrobofinal\u00bb hover_enabled=\u00bb0&#8243; sticky_enabled=\u00bb0&#8243;][\/et_pb_image][\/et_pb_column][et_pb_column _builder_version=\u00bb4.25.2&#8243; _module_preset=\u00bbdefault\u00bb type=\u00bb1_2&#8243; theme_builder_area=\u00bbpost_content\u00bb][et_pb_text _builder_version=\u00bb4.25.2&#8243; _module_preset=\u00bbdefault\u00bb theme_builder_area=\u00bbpost_content\u00bb hover_enabled=\u00bb0&#8243; sticky_enabled=\u00bb0&#8243;]<\/p>\n<p>La algarroba es el fruto del algarrobo, el cual sirve para sustituir al cacao en polvo o al chocolate en las preparaciones, debido a que tiene un sabor semejante, adem\u00e1s de aportar beneficios para la salud, como cuidar el funcionamiento gastrointestinal, prevenir enfermedades cardiovasculares y favorece la p\u00e9rdida de peso.<\/p>\n<p>Estos beneficios se deben a que este fruto es rico en antioxidantes, principalmente polifenoles, aporta pocas calor\u00edas y es una buena fuente de fibras y vitaminas del complejo B, calcio y magnesio.<\/p>\n<p>Es posible encontrar la algarroba en forma de harina, goma o en crema para untar en los supermercados, tiendas naturales o en tiendas online, pudiendo ser mezclada en la leche o a\u00f1adirlo a recetas que se realizan tradicionalmente con chocolate. Adem\u00e1s de esto, tambi\u00e9n pueden encontrarse productos industrializados de algarroba, como barritas de cereales o tortitas de arroz inflado<\/p>\n<p>[\/et_pb_text][\/et_pb_column][\/et_pb_row][\/et_pb_section]<\/p>\n","protected":false},"excerpt":{"rendered":"<p>Your content goes here. Edit or remove this text inline or in the module Content settings. You can also style every aspect of this content in the module Design settings and even apply custom CSS to this text in the module Advanced settings.La algarroba es el fruto del algarrobo, el cual sirve para sustituir al [&hellip;]<\/p>\n","protected":false},"author":1,"featured_media":0,"parent":0,"menu_order":0,"comment_status":"closed","ping_status":"closed","template":"","meta":{"_et_pb_use_builder":"on","_et_pb_old_content":"<!-- wp:divi\/placeholder \/-->","_et_gb_content_width":"","footnotes":""},"class_list":["post-239","page","type-page","status-publish","hentry"],"_links":{"self":[{"href":"https:\/\/viveros.osuna.es\/index.php?rest_route=\/wp\/v2\/pages\/239","targetHints":{"allow":["GET"]}}],"collection":[{"href":"https:\/\/viveros.osuna.es\/index.php?rest_route=\/wp\/v2\/pages"}],"about":[{"href":"https:\/\/viveros.osuna.es\/index.php?rest_route=\/wp\/v2\/types\/page"}],"author":[{"embeddable":true,"href":"https:\/\/viveros.osuna.es\/index.php?rest_route=\/wp\/v2\/users\/1"}],"replies":[{"embeddable":true,"href":"https:\/\/viveros.osuna.es\/index.php?rest_route=%2Fwp%2Fv2%2Fcomments&post=239"}],"version-history":[{"count":3,"href":"https:\/\/viveros.osuna.es\/index.php?rest_route=\/wp\/v2\/pages\/239\/revisions"}],"predecessor-version":[{"id":248,"href":"https:\/\/viveros.osuna.es\/index.php?rest_route=\/wp\/v2\/pages\/239\/revisions\/248"}],"wp:attachment":[{"href":"https:\/\/viveros.osuna.es\/index.php?rest_route=%2Fwp%2Fv2%2Fmedia&parent=239"}],"curies":[{"name":"wp","href":"https:\/\/api.w.org\/{rel}","templated":true}]}}