{"id":108,"date":"2024-06-12T10:07:49","date_gmt":"2024-06-12T10:07:49","guid":{"rendered":"https:\/\/viveros.osuna.es\/?page_id=108"},"modified":"2024-06-14T11:34:10","modified_gmt":"2024-06-14T11:34:10","slug":"video-113539","status":"publish","type":"page","link":"https:\/\/viveros.osuna.es\/?page_id=108","title":{"rendered":"Pitayas"},"content":{"rendered":"<p>[et_pb_section fb_built=\u00bb1&#8243; fullwidth=\u00bbon\u00bb _builder_version=\u00bb4.25.1&#8243; _module_preset=\u00bbdefault\u00bb global_colors_info=\u00bb{}\u00bb][et_pb_fullwidth_slider _builder_version=\u00bb4.25.1&#8243; _module_preset=\u00bbdefault\u00bb global_colors_info=\u00bb{}\u00bb][et_pb_slide heading=\u00bbPITAYAS\u00bb use_bg_overlay=\u00bbon\u00bb use_text_overlay=\u00bbon\u00bb _builder_version=\u00bb4.25.1&#8243; _module_preset=\u00bbdefault\u00bb header_font=\u00bbAbhaya Libre|800|||||||\u00bb header_font_size=\u00bb75px\u00bb body_font=\u00bbAbhaya Libre|800|||||||\u00bb body_font_size=\u00bb20px\u00bb background_image=\u00bbhttps:\/\/viveros.osuna.es\/wp-content\/uploads\/2024\/06\/pitahaya.jpg\u00bb background_enable_image=\u00bbon\u00bb global_colors_info=\u00bb{}\u00bb sticky_transition=\u00bbon\u00bb]<\/p>\n<p><strong>La pitaya<\/strong>, tambi\u00e9n conocida como fruta del drag\u00f3n, es el fruto de diversas especies de cactus del g\u00e9nero Hylocereus y Selenicereus. Se distingue por su forma ovalada y su piel de color vibrante que puede ser roja, amarilla o rosada, con escamas verdes que recuerdan a las de un drag\u00f3n.<\/p>\n<p>[\/et_pb_slide][\/et_pb_fullwidth_slider][\/et_pb_section][et_pb_section fb_built=\u00bb1&#8243; _builder_version=\u00bb4.25.1&#8243; _module_preset=\u00bbdefault\u00bb global_colors_info=\u00bb{}\u00bb][et_pb_row column_structure=\u00bb1_2,1_2&#8243; _builder_version=\u00bb4.25.1&#8243; _module_preset=\u00bbdefault\u00bb global_colors_info=\u00bb{}\u00bb][et_pb_column type=\u00bb1_2&#8243; _builder_version=\u00bb4.25.1&#8243; _module_preset=\u00bbdefault\u00bb global_colors_info=\u00bb{}\u00bb][et_pb_video src=\u00bbhttps:\/\/viveros.osuna.es\/wp-content\/uploads\/2024\/06\/videopitayaorifginal-1.mp4&#8243; _builder_version=\u00bb4.25.1&#8243; _module_preset=\u00bbdefault\u00bb global_colors_info=\u00bb{}\u00bb][\/et_pb_video][\/et_pb_column][et_pb_column type=\u00bb1_2&#8243; _builder_version=\u00bb4.25.1&#8243; _module_preset=\u00bbdefault\u00bb global_colors_info=\u00bb{}\u00bb][et_pb_text _builder_version=\u00bb4.25.1&#8243; _module_preset=\u00bbdefault\u00bb text_font=\u00bb|800|||||||\u00bb text_font_size=\u00bb18px\u00bb global_colors_info=\u00bb{}\u00bb]<\/p>\n<p>Las plantas de pitaya son cactus trepadores que prosperan en climas c\u00e1lidos y secos, y requieren poco mantenimiento. Adem\u00e1s de ser consumida fresca, la pitaya se utiliza en jugos, batidos, ensaladas y postres, aportando un toque ex\u00f3tico y nutritivo a diversas preparaciones culinarias.<\/p>\n<p>[\/et_pb_text][\/et_pb_column][\/et_pb_row][\/et_pb_section][et_pb_section fb_built=\u00bb1&#8243; _builder_version=\u00bb4.25.1&#8243; _module_preset=\u00bbdefault\u00bb global_colors_info=\u00bb{}\u00bb][et_pb_row column_structure=\u00bb1_2,1_2&#8243; _builder_version=\u00bb4.25.1&#8243; _module_preset=\u00bbdefault\u00bb global_colors_info=\u00bb{}\u00bb][et_pb_column type=\u00bb1_2&#8243; _builder_version=\u00bb4.25.1&#8243; _module_preset=\u00bbdefault\u00bb global_colors_info=\u00bb{}\u00bb][\/et_pb_column][et_pb_column type=\u00bb1_2&#8243; _builder_version=\u00bb4.25.1&#8243; _module_preset=\u00bbdefault\u00bb global_colors_info=\u00bb{}\u00bb][et_pb_heading title=\u00bbPITAYA\u00bb _builder_version=\u00bb4.25.1&#8243; _module_preset=\u00bbdefault\u00bb title_font=\u00bbABeeZee|700|||||||\u00bb title_text_align=\u00bbcenter\u00bb title_font_size=\u00bb40px\u00bb global_colors_info=\u00bb{}\u00bb custom_margin=\u00bb||-58px|||\u00bb][\/et_pb_heading][\/et_pb_column][\/et_pb_row][\/et_pb_section][et_pb_section fb_built=\u00bb1&#8243; _builder_version=\u00bb4.25.1&#8243; _module_preset=\u00bbdefault\u00bb global_colors_info=\u00bb{}\u00bb][et_pb_row column_structure=\u00bb1_2,1_2&#8243; _builder_version=\u00bb4.25.1&#8243; _module_preset=\u00bbdefault\u00bb global_colors_info=\u00bb{}\u00bb custom_margin=\u00bb-137px|auto||auto||\u00bb][et_pb_column type=\u00bb1_2&#8243; _builder_version=\u00bb4.25.1&#8243; _module_preset=\u00bbdefault\u00bb global_colors_info=\u00bb{}\u00bb][et_pb_image src=\u00bbhttps:\/\/viveros.osuna.es\/wp-content\/uploads\/2024\/06\/Sin-titulo-2.png\u00bb title_text=\u00bbSin t\u00edtulo-2&#8243; _builder_version=\u00bb4.25.1&#8243; _module_preset=\u00bbdefault\u00bb global_colors_info=\u00bb{}\u00bb][\/et_pb_image][\/et_pb_column][et_pb_column type=\u00bb1_2&#8243; _builder_version=\u00bb4.25.1&#8243; _module_preset=\u00bbdefault\u00bb global_colors_info=\u00bb{}\u00bb][et_pb_text _builder_version=\u00bb4.25.1&#8243; _module_preset=\u00bbdefault\u00bb text_font=\u00bbABeeZee|700|||||||\u00bb text_font_size=\u00bb16px\u00bb global_colors_info=\u00bb{}\u00bb]<\/p>\n<p>Las pitayas, tambi\u00e9n conocidas como frutas del drag\u00f3n, son frutos tropicales obtenidos de diferentes especies de cactus del g\u00e9nero Hylocereus y Selenicereus. Tienen una forma ovalada o alargada y pueden variar en tama\u00f1o desde unos pocos cent\u00edmetros hasta m\u00e1s de 20 cent\u00edmetros de longitud. La piel de la pitaya puede ser roja, amarilla o rosada, adornada con escamas verdes o amarillas que le dan una apariencia escamosa, similar a la de un drag\u00f3n.La pulpa interior de la pitaya es jugosa y dulce, con una textura similar a la del kiwi. Puede ser blanca, roja o p\u00farpura, y est\u00e1 salpicada de numerosas semillas peque\u00f1as y comestibles. Su sabor es refrescante y suave, con un ligero toque dulce que puede variar seg\u00fan la variedad. La pitaya es rica en antioxidantes como la vitamina C y betacarotenos, adem\u00e1s de minerales como hierro y calcio, y es una buena fuente de fibra diet\u00e9tica para la salud digestiva.Las plantas de pitaya son cactus trepadores que prosperan en climas c\u00e1lidos y secos, y requieren poco mantenimiento. Originarias de regiones tropicales y subtropicales de Am\u00e9rica Latina y Asia, las pitayas se consumen frescas, solas o en ensaladas de frutas, y se utilizan para hacer jugos, batidos, sorbetes, mermeladas y otros postres debido a su color vibrante y su valor est\u00e9tico en presentaciones gastron\u00f3micas y cocteler\u00eda.<\/p>\n<p>[\/et_pb_text][\/et_pb_column][\/et_pb_row][\/et_pb_section]<\/p>\n","protected":false},"excerpt":{"rendered":"<p>La pitaya, tambi\u00e9n conocida como fruta del drag\u00f3n, es el fruto de diversas especies de cactus del g\u00e9nero Hylocereus y Selenicereus. Se distingue por su forma ovalada y su piel de color vibrante que puede ser roja, amarilla o rosada, con escamas verdes que recuerdan a las de un drag\u00f3n.Las plantas de pitaya son cactus [&hellip;]<\/p>\n","protected":false},"author":2,"featured_media":0,"parent":0,"menu_order":0,"comment_status":"closed","ping_status":"closed","template":"","meta":{"_et_pb_use_builder":"on","_et_pb_old_content":"<!-- wp:divi\/placeholder \/-->","_et_gb_content_width":"","footnotes":""},"class_list":["post-108","page","type-page","status-publish","hentry"],"_links":{"self":[{"href":"https:\/\/viveros.osuna.es\/index.php?rest_route=\/wp\/v2\/pages\/108","targetHints":{"allow":["GET"]}}],"collection":[{"href":"https:\/\/viveros.osuna.es\/index.php?rest_route=\/wp\/v2\/pages"}],"about":[{"href":"https:\/\/viveros.osuna.es\/index.php?rest_route=\/wp\/v2\/types\/page"}],"author":[{"embeddable":true,"href":"https:\/\/viveros.osuna.es\/index.php?rest_route=\/wp\/v2\/users\/2"}],"replies":[{"embeddable":true,"href":"https:\/\/viveros.osuna.es\/index.php?rest_route=%2Fwp%2Fv2%2Fcomments&post=108"}],"version-history":[{"count":7,"href":"https:\/\/viveros.osuna.es\/index.php?rest_route=\/wp\/v2\/pages\/108\/revisions"}],"predecessor-version":[{"id":201,"href":"https:\/\/viveros.osuna.es\/index.php?rest_route=\/wp\/v2\/pages\/108\/revisions\/201"}],"wp:attachment":[{"href":"https:\/\/viveros.osuna.es\/index.php?rest_route=%2Fwp%2Fv2%2Fmedia&parent=108"}],"curies":[{"name":"wp","href":"https:\/\/api.w.org\/{rel}","templated":true}]}}