{"id":106,"date":"2024-06-12T10:07:34","date_gmt":"2024-06-12T10:07:34","guid":{"rendered":"https:\/\/viveros.osuna.es\/?page_id=106"},"modified":"2024-06-26T06:58:19","modified_gmt":"2024-06-26T06:58:19","slug":"video-113404","status":"publish","type":"page","link":"https:\/\/viveros.osuna.es\/?page_id=106","title":{"rendered":"Bosque Mediterr\u00e1neo"},"content":{"rendered":"\n[et_pb_section fb_built=\u00bb1&#8243; fullwidth=\u00bbon\u00bb _builder_version=\u00bb4.25.1&#8243; _module_preset=\u00bbdefault\u00bb global_colors_info=\u00bb{}\u00bb][et_pb_fullwidth_slider _builder_version=\u00bb4.25.1&#8243; _module_preset=\u00bbdefault\u00bb hover_enabled=\u00bb0&#8243; global_colors_info=\u00bb{}\u00bb use_text_overlay=\u00bbon\u00bb use_bg_overlay=\u00bbon\u00bb text_overlay_color=\u00bb#000000&#8243; sticky_enabled=\u00bb0&#8243;][et_pb_slide heading=\u00bbAlgorrobo, Encina y Alcornoque\u00bb use_bg_overlay=\u00bbon\u00bb _builder_version=\u00bb4.25.1&#8243; _module_preset=\u00bbdefault\u00bb header_level=\u00bbh2&#8243; header_font=\u00bbABeeZee|700|||||||\u00bb header_text_align=\u00bbcenter\u00bb header_font_size=\u00bb75px\u00bb body_font=\u00bb||||||||\u00bb body_font_size=\u00bb25px\u00bb background_image=\u00bbhttps:\/\/viveros.osuna.es\/wp-content\/uploads\/2024\/06\/algarrobo-encina-alcornoque.jpg\u00bb background_enable_image=\u00bbon\u00bb header_text_shadow_style=\u00bbpreset5&#8243; global_colors_info=\u00bb{}\u00bb sticky_transition=\u00bbon\u00bb]<p><strong>Algarrobo<\/strong> \u00e1rbol mediterr\u00e1neo de hoja perenne con vainas comestibles <strong>encinas<\/strong> \u00e1rboles longevos de hojas cori\u00e1ceas y bellotas para alimentaci\u00f3n animal y <strong>alcornoques<\/strong> \u00e1rboles perennes de corteza esponjosa cosechada para producir corcho.<\/p>[\/et_pb_slide][\/et_pb_fullwidth_slider][\/et_pb_section][et_pb_section fb_built=\u00bb1&#8243; _builder_version=\u00bb4.25.1&#8243; _module_preset=\u00bbdefault\u00bb global_colors_info=\u00bb{}\u00bb][et_pb_row column_structure=\u00bb1_2,1_2&#8243; _builder_version=\u00bb4.25.1&#8243; _module_preset=\u00bbdefault\u00bb global_colors_info=\u00bb{}\u00bb][et_pb_column type=\u00bb1_2&#8243; _builder_version=\u00bb4.25.1&#8243; _module_preset=\u00bbdefault\u00bb global_colors_info=\u00bb{}\u00bb][et_pb_video src=\u00bbhttps:\/\/viveros.osuna.es\/wp-content\/uploads\/2024\/06\/Video-sin-titulo-\u2010-Hecho-con-Clipchamp-1-1.mp4&#8243; _builder_version=\u00bb4.25.1&#8243; _module_preset=\u00bbdefault\u00bb global_colors_info=\u00bb{}\u00bb][\/et_pb_video][\/et_pb_column][et_pb_column type=\u00bb1_2&#8243; _builder_version=\u00bb4.25.1&#8243; _module_preset=\u00bbdefault\u00bb global_colors_info=\u00bb{}\u00bb][et_pb_text _builder_version=\u00bb4.25.1&#8243; _module_preset=\u00bbdefault\u00bb text_font=\u00bbABeeZee|700|||||||\u00bb text_font_size=\u00bb16px\u00bb global_colors_info=\u00bb{}\u00bb]<div class=\"flex flex-grow flex-col max-w-full\">\n<div data-message-author-role=\"assistant\" data-message-id=\"7fcedd4f-6b0d-4b3f-bd71-0ca6d1d9a327\" dir=\"auto\" class=\"min-h-[20px] text-message flex flex-col items-start whitespace-pre-wrap break-words [.text-message+&amp;]:mt-5 juice:w-full juice:items-end overflow-x-auto gap-2\">\n<div class=\"flex w-full flex-col gap-1 juice:empty:hidden juice:first:pt-[3px]\">\n<div class=\"markdown prose w-full break-words dark:prose-invert light\">\n<p>El algarrobo (Ceratonia siliqua) es un \u00e1rbol mediterr\u00e1neo de hasta 10 metros, con vainas comestibles y resistente a la sequ\u00eda. La encina (Quercus ilex), de hasta 25 metros, tiene hojas cori\u00e1ceas y bellotas, y prefiere suelos calizos. El alcornoque (Quercus suber), de hasta 20 metros, produce corcho y bellotas, y crece en suelos \u00e1cidos. Estos \u00e1rboles son esenciales para los ecosistemas mediterr\u00e1neos, ofreciendo h\u00e1bitat y productos valiosos.<\/p>\n<\/div>\n<\/div>\n<\/div>\n<\/div>\n<div class=\"mt-1 flex gap-3 empty:hidden juice:-ml-3\">\n<div class=\"items-center justify-start rounded-xl p-1 flex\">\n<div class=\"flex items-center\">\n<div class=\"flex items-center pb-0.5 juice:pb-0\">\n<p>&nbsp;<\/p>\n<\/div>\n<\/div>\n<\/div>\n<\/div>[\/et_pb_text][\/et_pb_column][\/et_pb_row][\/et_pb_section][et_pb_section fb_built=\u00bb1&#8243; _builder_version=\u00bb4.25.1&#8243; _module_preset=\u00bbdefault\u00bb global_colors_info=\u00bb{}\u00bb][et_pb_row _builder_version=\u00bb4.25.1&#8243; _module_preset=\u00bbdefault\u00bb global_colors_info=\u00bb{}\u00bb][et_pb_column type=\u00bb4_4&#8243; _builder_version=\u00bb4.25.1&#8243; _module_preset=\u00bbdefault\u00bb global_colors_info=\u00bb{}\u00bb][et_pb_text _builder_version=\u00bb4.25.1&#8243; _module_preset=\u00bbdefault\u00bb text_font=\u00bbAbyssinica SIL|700|||||||\u00bb text_font_size=\u00bb40px\u00bb text_orientation=\u00bbcenter\u00bb text_text_shadow_style=\u00bbpreset1&#8243; global_colors_info=\u00bb{}\u00bb]<p>CARACTER\u00cdSTICAS<\/p>[\/et_pb_text][\/et_pb_column][\/et_pb_row][\/et_pb_section][et_pb_section fb_built=\u00bb1&#8243; _builder_version=\u00bb4.25.1&#8243; _module_preset=\u00bbdefault\u00bb custom_padding=\u00bb||0px|||\u00bb global_colors_info=\u00bb{}\u00bb][et_pb_row column_structure=\u00bb1_2,1_2&#8243; _builder_version=\u00bb4.25.1&#8243; _module_preset=\u00bbdefault\u00bb custom_margin=\u00bb|auto|-37px|auto||\u00bb global_colors_info=\u00bb{}\u00bb][et_pb_column type=\u00bb1_2&#8243; _builder_version=\u00bb4.25.1&#8243; _module_preset=\u00bbdefault\u00bb global_colors_info=\u00bb{}\u00bb][\/et_pb_column][et_pb_column type=\u00bb1_2&#8243; _builder_version=\u00bb4.25.1&#8243; _module_preset=\u00bbdefault\u00bb global_colors_info=\u00bb{}\u00bb][et_pb_heading title=\u00bbALGARROBO\u00bb _builder_version=\u00bb4.25.1&#8243; _module_preset=\u00bbdefault\u00bb title_font=\u00bbABeeZee|700|||||||\u00bb title_text_align=\u00bbcenter\u00bb title_font_size=\u00bb40px\u00bb global_colors_info=\u00bb{}\u00bb][\/et_pb_heading][\/et_pb_column][\/et_pb_row][\/et_pb_section][et_pb_section fb_built=\u00bb1&#8243; _builder_version=\u00bb4.25.1&#8243; _module_preset=\u00bbdefault\u00bb custom_padding=\u00bb38px|||||\u00bb global_colors_info=\u00bb{}\u00bb][et_pb_row column_structure=\u00bb1_2,1_2&#8243; _builder_version=\u00bb4.25.1&#8243; _module_preset=\u00bbdefault\u00bb global_colors_info=\u00bb{}\u00bb][et_pb_column type=\u00bb1_2&#8243; _builder_version=\u00bb4.25.1&#8243; _module_preset=\u00bbdefault\u00bb global_colors_info=\u00bb{}\u00bb][et_pb_image src=\u00bbhttps:\/\/viveros.osuna.es\/wp-content\/uploads\/2024\/06\/pagina-algarrobo.jpg\u00bb title_text=\u00bbpagina-algarrobo\u00bb _builder_version=\u00bb4.25.1&#8243; _module_preset=\u00bbdefault\u00bb min_height=\u00bb552.3px\u00bb custom_padding=\u00bb0px|||||\u00bb global_colors_info=\u00bb{}\u00bb][\/et_pb_image][\/et_pb_column][et_pb_column type=\u00bb1_2&#8243; _builder_version=\u00bb4.25.1&#8243; _module_preset=\u00bbdefault\u00bb global_colors_info=\u00bb{}\u00bb][et_pb_text _builder_version=\u00bb4.25.1&#8243; _module_preset=\u00bbdefault\u00bb text_font=\u00bbABeeZee|700|||||||\u00bb text_orientation=\u00bbcenter\u00bb custom_margin=\u00bb-51px||58px|||\u00bb custom_padding=\u00bb31px||34px|||\u00bb global_colors_info=\u00bb{}\u00bb]<p>&nbsp;<\/p>\n<p>El algarrobo (Ceratonia siliqua) es un \u00e1rbol perenne originario de la regi\u00f3n mediterr\u00e1nea, que puede alcanzar hasta 10 metros de altura. Su tronco es robusto y la corteza es rugosa y de color marr\u00f3n oscuro. Las hojas del algarrobo son compuestas, con fol\u00edolos ovalados y brillantes de color verde oscuro, que se disponen en pares opuestos.Este \u00e1rbol es extremadamente resistente a la sequ\u00eda, lo que le permite sobrevivir en climas \u00e1ridos y suelos pobres. Es una especie que se adapta bien a diversas condiciones de suelo, aunque prefiere suelos bien drenados y calc\u00e1reos. Adem\u00e1s, el algarrobo tiene una notable capacidad de fijar nitr\u00f3geno en el suelo, lo que mejora la fertilidad del terreno donde crece.El algarrobo tiene m\u00faltiples usos, tanto en la alimentaci\u00f3n humana como animal. La pulpa de las algarrobas se utiliza como edulcorante natural y en la producci\u00f3n de harina de algarroba, que es una alternativa al cacao. Las semillas se emplean en la industria alimentaria para fabricar espesantes y estabilizadores.<\/p>[\/et_pb_text][\/et_pb_column][\/et_pb_row][\/et_pb_section][et_pb_section fb_built=\u00bb1&#8243; _builder_version=\u00bb4.25.1&#8243; _module_preset=\u00bbdefault\u00bb custom_padding=\u00bb||0px|||\u00bb global_colors_info=\u00bb{}\u00bb][et_pb_row column_structure=\u00bb1_2,1_2&#8243; _builder_version=\u00bb4.25.1&#8243; _module_preset=\u00bbdefault\u00bb global_colors_info=\u00bb{}\u00bb][et_pb_column type=\u00bb1_2&#8243; _builder_version=\u00bb4.25.1&#8243; _module_preset=\u00bbdefault\u00bb global_colors_info=\u00bb{}\u00bb][\/et_pb_column][et_pb_column type=\u00bb1_2&#8243; _builder_version=\u00bb4.25.1&#8243; _module_preset=\u00bbdefault\u00bb global_colors_info=\u00bb{}\u00bb][et_pb_heading title=\u00bbENCINA\u00bb _builder_version=\u00bb4.25.1&#8243; _module_preset=\u00bbdefault\u00bb title_font=\u00bbABeeZee|700|||||||\u00bb title_text_align=\u00bbcenter\u00bb title_font_size=\u00bb40px\u00bb global_colors_info=\u00bb{}\u00bb][\/et_pb_heading][\/et_pb_column][\/et_pb_row][\/et_pb_section][et_pb_section fb_built=\u00bb1&#8243; _builder_version=\u00bb4.25.1&#8243; _module_preset=\u00bbdefault\u00bb custom_padding=\u00bb0px|||||\u00bb global_colors_info=\u00bb{}\u00bb][et_pb_row column_structure=\u00bb1_2,1_2&#8243; _builder_version=\u00bb4.25.1&#8243; _module_preset=\u00bbdefault\u00bb custom_padding=\u00bb0px|||||\u00bb global_colors_info=\u00bb{}\u00bb][et_pb_column type=\u00bb1_2&#8243; _builder_version=\u00bb4.25.1&#8243; _module_preset=\u00bbdefault\u00bb global_colors_info=\u00bb{}\u00bb][et_pb_image src=\u00bbhttps:\/\/viveros.osuna.es\/wp-content\/uploads\/2024\/06\/pagina-encina.jpg\u00bb title_text=\u00bbpagina-encina\u00bb _builder_version=\u00bb4.25.1&#8243; _module_preset=\u00bbdefault\u00bb global_colors_info=\u00bb{}\u00bb][\/et_pb_image][\/et_pb_column][et_pb_column type=\u00bb1_2&#8243; _builder_version=\u00bb4.25.1&#8243; _module_preset=\u00bbdefault\u00bb global_colors_info=\u00bb{}\u00bb][et_pb_text _builder_version=\u00bb4.25.1&#8243; _module_preset=\u00bbdefault\u00bb text_font=\u00bbABeeZee|700|||||||\u00bb text_font_size=\u00bb16px\u00bb header_font=\u00bbABeeZee||||||||\u00bb text_orientation=\u00bbjustified\u00bb custom_padding=\u00bb0px|||||\u00bb global_colors_info=\u00bb{}\u00bb]<p>\u00a0La encina (Quercus ilex) es un \u00e1rbol perenne del paisaje mediterr\u00e1neo, que puede alcanzar hasta 25 metros de altura. Su tronco es grueso con una corteza oscura y agrietada, y su copa es densa y redondeada, proporcionando sombra significativa. Las hojas son cori\u00e1ceas, ovaladas y de color verde oscuro en el haz, y gris\u00e1ceas en el env\u00e9s, con bordes ligeramente dentados, a veces espinosos en ejemplares j\u00f3venes.Este \u00e1rbol produce bellotas, esenciales para la fauna silvestre y el ganado, especialmente en la alimentaci\u00f3n de los cerdos ib\u00e9ricos. Las bellotas maduran en oto\u00f1o y est\u00e1n parcialmente cubiertas por una c\u00fapula rugosa.La encina es extremadamente resistente a la sequ\u00eda, adapt\u00e1ndose bien a climas secos y prefiriendo suelos calizos bien drenados, aunque puede prosperar en diversos tipos de suelos. Su sistema radicular es profundo, lo que le permite acceder a agua subterr\u00e1nea y estabilizar el suelo, previniendo la erosi\u00f3n.<\/p>[\/et_pb_text][\/et_pb_column][\/et_pb_row][\/et_pb_section][et_pb_section fb_built=\u00bb1&#8243; _builder_version=\u00bb4.25.1&#8243; _module_preset=\u00bbdefault\u00bb global_colors_info=\u00bb{}\u00bb][et_pb_row column_structure=\u00bb1_2,1_2&#8243; _builder_version=\u00bb4.25.1&#8243; _module_preset=\u00bbdefault\u00bb global_colors_info=\u00bb{}\u00bb][et_pb_column type=\u00bb1_2&#8243; _builder_version=\u00bb4.25.1&#8243; _module_preset=\u00bbdefault\u00bb global_colors_info=\u00bb{}\u00bb][\/et_pb_column][et_pb_column type=\u00bb1_2&#8243; _builder_version=\u00bb4.25.1&#8243; _module_preset=\u00bbdefault\u00bb global_colors_info=\u00bb{}\u00bb][et_pb_heading title=\u00bbALCORNOQUE\u00bb _builder_version=\u00bb4.25.1&#8243; _module_preset=\u00bbdefault\u00bb title_font=\u00bbABeeZee|700|||||||\u00bb title_text_align=\u00bbcenter\u00bb title_font_size=\u00bb40px\u00bb custom_padding=\u00bb||0px|||\u00bb global_colors_info=\u00bb{}\u00bb][\/et_pb_heading][\/et_pb_column][\/et_pb_row][\/et_pb_section][et_pb_section fb_built=\u00bb1&#8243; _builder_version=\u00bb4.25.1&#8243; _module_preset=\u00bbdefault\u00bb global_colors_info=\u00bb{}\u00bb][et_pb_row column_structure=\u00bb1_2,1_2&#8243; _builder_version=\u00bb4.25.1&#8243; _module_preset=\u00bbdefault\u00bb custom_margin=\u00bb-125px|auto||auto||\u00bb global_colors_info=\u00bb{}\u00bb][et_pb_column type=\u00bb1_2&#8243; _builder_version=\u00bb4.25.1&#8243; _module_preset=\u00bbdefault\u00bb global_colors_info=\u00bb{}\u00bb][et_pb_image src=\u00bbhttps:\/\/viveros.osuna.es\/wp-content\/uploads\/2024\/06\/pagina-alcornoque.jpg\u00bb title_text=\u00bbpagina-alcornoque\u00bb _builder_version=\u00bb4.25.1&#8243; _module_preset=\u00bbdefault\u00bb global_colors_info=\u00bb{}\u00bb][\/et_pb_image][\/et_pb_column][et_pb_column type=\u00bb1_2&#8243; _builder_version=\u00bb4.25.1&#8243; _module_preset=\u00bbdefault\u00bb global_colors_info=\u00bb{}\u00bb][et_pb_text _builder_version=\u00bb4.25.1&#8243; _module_preset=\u00bbdefault\u00bb text_font=\u00bbABeeZee|700|||||||\u00bb text_font_size=\u00bb16px\u00bb text_orientation=\u00bbjustified\u00bb custom_margin=\u00bb-71px|||||\u00bb global_colors_info=\u00bb{}\u00bb]<p>&nbsp;<\/p>\n<p>&nbsp;<\/p>\n<p>El alcornoque (Quercus suber) es un \u00e1rbol perenne t\u00edpico del Mediterr\u00e1neo, que puede alcanzar hasta 20 metros de altura. Una de sus caracter\u00edsticas m\u00e1s distintivas es su gruesa corteza, conocida como corcho, que se puede extraer peri\u00f3dicamente sin da\u00f1ar el \u00e1rbol. Esta corteza es rugosa y de color gris oscuro a marr\u00f3n.Las hojas del alcornoque son ovaladas, de color verde oscuro por el haz y m\u00e1s claras por el env\u00e9s, con bordes ligeramente dentados. Produce bellotas, que son importantes para la fauna y tienen aplicaciones en la alimentaci\u00f3n animal.El alcornoque prefiere suelos \u00e1cidos y bien drenados, y aunque es resistente a la sequ\u00eda, no tolera bien las heladas severas. Su sistema radicular es profundo, lo que le permite acceder a agua subterr\u00e1nea y soportar periodos prolongados de sequ\u00eda.Adem\u00e1s de su importancia ecol\u00f3gica, el alcornoque tiene un gran valor econ\u00f3mico debido a la producci\u00f3n de corcho, que se utiliza en la industria vin\u00edcola, en productos de aislamiento y en diversos art\u00edculos artesanales.<\/p>[\/et_pb_text][\/et_pb_column][\/et_pb_row][\/et_pb_section]\n","protected":false},"excerpt":{"rendered":"<p>Algarrobo \u00e1rbol mediterr\u00e1neo de hoja perenne con vainas comestibles encinas \u00e1rboles longevos de hojas cori\u00e1ceas y bellotas para alimentaci\u00f3n animal y alcornoques \u00e1rboles perennes de corteza esponjosa cosechada para producir corcho. El algarrobo (Ceratonia siliqua) es un \u00e1rbol mediterr\u00e1neo de hasta 10 metros, con vainas comestibles y resistente a la sequ\u00eda. La encina (Quercus ilex), [&hellip;]<\/p>\n","protected":false},"author":2,"featured_media":0,"parent":0,"menu_order":0,"comment_status":"closed","ping_status":"closed","template":"","meta":{"_et_pb_use_builder":"on","_et_pb_old_content":"<!-- wp:divi\/placeholder \/-->","_et_gb_content_width":"","footnotes":""},"class_list":["post-106","page","type-page","status-publish","hentry"],"_links":{"self":[{"href":"https:\/\/viveros.osuna.es\/index.php?rest_route=\/wp\/v2\/pages\/106","targetHints":{"allow":["GET"]}}],"collection":[{"href":"https:\/\/viveros.osuna.es\/index.php?rest_route=\/wp\/v2\/pages"}],"about":[{"href":"https:\/\/viveros.osuna.es\/index.php?rest_route=\/wp\/v2\/types\/page"}],"author":[{"embeddable":true,"href":"https:\/\/viveros.osuna.es\/index.php?rest_route=\/wp\/v2\/users\/2"}],"replies":[{"embeddable":true,"href":"https:\/\/viveros.osuna.es\/index.php?rest_route=%2Fwp%2Fv2%2Fcomments&post=106"}],"version-history":[{"count":8,"href":"https:\/\/viveros.osuna.es\/index.php?rest_route=\/wp\/v2\/pages\/106\/revisions"}],"predecessor-version":[{"id":221,"href":"https:\/\/viveros.osuna.es\/index.php?rest_route=\/wp\/v2\/pages\/106\/revisions\/221"}],"wp:attachment":[{"href":"https:\/\/viveros.osuna.es\/index.php?rest_route=%2Fwp%2Fv2%2Fmedia&parent=106"}],"curies":[{"name":"wp","href":"https:\/\/api.w.org\/{rel}","templated":true}]}}