{"id":101,"date":"2024-06-12T10:05:00","date_gmt":"2024-06-12T10:05:00","guid":{"rendered":"https:\/\/viveros.osuna.es\/?page_id=101"},"modified":"2024-06-26T06:52:41","modified_gmt":"2024-06-26T06:52:41","slug":"video-114621","status":"publish","type":"page","link":"https:\/\/viveros.osuna.es\/?page_id=101","title":{"rendered":"Patatas"},"content":{"rendered":"<p>[et_pb_section fb_built=\u00bb1&#8243; fullwidth=\u00bbon\u00bb _builder_version=\u00bb4.25.1&#8243; _module_preset=\u00bbdefault\u00bb hover_enabled=\u00bb0&#8243; global_colors_info=\u00bb{}\u00bb sticky_enabled=\u00bb0&#8243;][et_pb_fullwidth_slider _builder_version=\u00bb4.25.1&#8243; _module_preset=\u00bbdefault\u00bb custom_padding=\u00bb170px||88px|||\u00bb hover_enabled=\u00bb0&#8243; global_colors_info=\u00bb{}\u00bb title_text=\u00bbslider-patatas\u00bb background_image=\u00bbhttps:\/\/viveros.osuna.es\/wp-content\/uploads\/2024\/06\/slider-patatas.png\u00bb sticky_enabled=\u00bb0&#8243;][et_pb_slide heading=\u00bbPATATAS\u00bb use_bg_overlay=\u00bbon\u00bb _builder_version=\u00bb4.25.1&#8243; _module_preset=\u00bbdefault\u00bb body_font_size=\u00bb21px\u00bb background_image=\u00bbhttps:\/\/viveros.osuna.es\/wp-content\/uploads\/2024\/06\/patatas-3.jpg\u00bb background_enable_image=\u00bbon\u00bb global_colors_info=\u00bb{}\u00bb sticky_transition=\u00bbon\u00bb]<\/p>\n<p>Originaria de los Andes en Am\u00e9rica del Sur<\/p>\n<p>[\/et_pb_slide][\/et_pb_fullwidth_slider][\/et_pb_section][et_pb_section fb_built=\u00bb1&#8243; _builder_version=\u00bb4.25.1&#8243; _module_preset=\u00bbdefault\u00bb custom_padding=\u00bb||17px|||\u00bb global_colors_info=\u00bb{}\u00bb][et_pb_row column_structure=\u00bb1_2,1_2&#8243; _builder_version=\u00bb4.25.1&#8243; _module_preset=\u00bbdefault\u00bb global_colors_info=\u00bb{}\u00bb][et_pb_column type=\u00bb1_2&#8243; _builder_version=\u00bb4.25.1&#8243; _module_preset=\u00bbdefault\u00bb global_colors_info=\u00bb{}\u00bb][et_pb_video src=\u00bbhttps:\/\/viveros.osuna.es\/wp-content\/uploads\/2024\/06\/video-nuevo-114621-2.mp4&#8243; _builder_version=\u00bb4.25.1&#8243; _module_preset=\u00bbdefault\u00bb global_colors_info=\u00bb{}\u00bb][\/et_pb_video][\/et_pb_column][et_pb_column type=\u00bb1_2&#8243; _builder_version=\u00bb4.25.1&#8243; _module_preset=\u00bbdefault\u00bb global_colors_info=\u00bb{}\u00bb][et_pb_text _builder_version=\u00bb4.25.1&#8243; _module_preset=\u00bbdefault\u00bb min_height=\u00bb267.2px\u00bb custom_padding=\u00bb4px|||||\u00bb global_colors_info=\u00bb{}\u00bb]<\/p>\n<h2><strong>Patata: Nutrici\u00f3n y sabor en perfecta\u00a0 armon\u00eda.<\/strong><\/h2>\n<p>&nbsp;<\/p>\n<p style=\"text-align: justify;\">La patata, o papa como se le conoce en algunos pa\u00edses, <strong>es un tub\u00e9rculo<\/strong> perteneciente a la planta herb\u00e1cea Solanum tuberosum. <strong>Originaria de los Andes en Am\u00e9rica del Sur<\/strong>, ha conquistado el mundo entero convirti\u00e9ndose en uno de los alimentos b\u00e1sicos m\u00e1s importantes.<\/p>\n<p style=\"text-align: justify;\">M\u00e1s all\u00e1 de su importancia culinaria, la patata <strong>destaca por su versatilidad<\/strong>. Se puede cocinar de mil maneras diferentes: fritas, cocidas, asadas, al horno, en pur\u00e9&#8230; \u00a1incluso en dulces! Adem\u00e1s, es un alimento nutritivo y rico en hidratos de carbono, fibra, vitamina C y potasio.<\/p>\n<p>[\/et_pb_text][\/et_pb_column][\/et_pb_row][\/et_pb_section][et_pb_section fb_built=\u00bb1&#8243; _builder_version=\u00bb4.25.1&#8243; _module_preset=\u00bbdefault\u00bb custom_padding=\u00bb17px||11px|||\u00bb global_colors_info=\u00bb{}\u00bb][et_pb_row _builder_version=\u00bb4.25.1&#8243; _module_preset=\u00bbdefault\u00bb global_colors_info=\u00bb{}\u00bb][et_pb_column type=\u00bb4_4&#8243; _builder_version=\u00bb4.25.1&#8243; _module_preset=\u00bbdefault\u00bb global_colors_info=\u00bb{}\u00bb][et_pb_heading title=\u00bb CARACTER\u00cdSTICAS\u00bb _builder_version=\u00bb4.25.1&#8243; _module_preset=\u00bbdefault\u00bb title_font=\u00bbAbhaya Libre||||||||\u00bb title_text_align=\u00bbcenter\u00bb title_font_size=\u00bb40px\u00bb global_colors_info=\u00bb{}\u00bb][\/et_pb_heading][\/et_pb_column][\/et_pb_row][\/et_pb_section][et_pb_section fb_built=\u00bb1&#8243; _builder_version=\u00bb4.25.1&#8243; _module_preset=\u00bbdefault\u00bb global_colors_info=\u00bb{}\u00bb][et_pb_row column_structure=\u00bb1_2,1_2&#8243; _builder_version=\u00bb4.25.1&#8243; _module_preset=\u00bbdefault\u00bb global_colors_info=\u00bb{}\u00bb][et_pb_column type=\u00bb1_2&#8243; _builder_version=\u00bb4.25.1&#8243; _module_preset=\u00bbdefault\u00bb global_colors_info=\u00bb{}\u00bb][et_pb_image src=\u00bbhttps:\/\/viveros.osuna.es\/wp-content\/uploads\/2024\/06\/patatas1-1.jpg\u00bb title_text=\u00bbpatatas1-1&#8243; _builder_version=\u00bb4.25.1&#8243; _module_preset=\u00bbdefault\u00bb global_colors_info=\u00bb{}\u00bb][\/et_pb_image][\/et_pb_column][et_pb_column type=\u00bb1_2&#8243; _builder_version=\u00bb4.25.1&#8243; _module_preset=\u00bbdefault\u00bb global_colors_info=\u00bb{}\u00bb][et_pb_text _builder_version=\u00bb4.25.1&#8243; _module_preset=\u00bbdefault\u00bb text_font=\u00bb||||||||\u00bb text_font_size=\u00bb16px\u00bb global_colors_info=\u00bb{}\u00bb]<\/p>\n<div _ngcontent-ng-c4069291903=\"\" class=\"avatar-gutter ng-tns-c4069291903-61 ng-star-inserted\"><recitations-gutter _ngcontent-ng-c4069291903=\"\" _nghost-ng-c1043367607=\"\" class=\"ng-tns-c4069291903-61 ng-trigger ng-trigger-hideElement ng-star-inserted\"><\/recitations-gutter><\/div>\n<div _ngcontent-ng-c4069291903=\"\" selection=\"\" class=\"response-container-content ng-tns-c4069291903-61\">\n<div _ngcontent-ng-c3123227123=\"\" class=\"response-content ng-tns-c4069291903-61\">\n<p><message-content _ngcontent-ng-c3123227123=\"\" class=\"model-response-text ng-star-inserted\" _nghost-ng-c3752285289=\"\" id=\"message-content-id-r_338504a448ca6cb5\"><\/message-content><\/p>\n<p>&nbsp;<\/p>\n<div _ngcontent-ng-c3752285289=\"\" class=\"markdown markdown-main-panel\" dir=\"ltr\">\n<p data-sourcepos=\"9:1-14:28\" style=\"text-align: justify;\"><span><\/span><\/p>\n<p data-sourcepos=\"9:1-14:28\" style=\"text-align: justify;\"><span>Forma:<\/span><span><strong> Redondas u ovaladas<\/strong>,<\/span><span> aunque existen variedades con formas m\u00e1s irregulares.<\/span><span> Tama\u00f1o:<\/span><span> Variable,<\/span><span> desde unos pocos cent\u00edmetros hasta m\u00e1s de 10 cm de di\u00e1metro.<\/span><strong> Piel:<\/strong><span><strong> Fina y de color<\/strong> <strong>variable,<\/strong><\/span><strong> desde blanco hasta amarillo, rojo o incluso morado.<\/strong><span> Carne:<\/span><span> Blanca o amarillenta,<\/span><span> con una textura firme o harinosa dependiendo de la variedad.<\/span><span> Ojos:<\/span><span> Peque\u00f1os orificios en la piel de la patata donde brotan nuevos brotes.<\/span><span> Sabor:<\/span><span> Ligero y dulce con un toque terroso. Ricas en hidratos de carbono: Son una buena fuente de energ\u00eda y aportan saciedad.<br \/><strong>Fibra:<\/strong> Favorece el tr\u00e1nsito intestinal y ayuda a controlar el colesterol.<br \/><strong>Vitamina C:<\/strong> Refuerza el sistema inmunol\u00f3gico y ayuda a la absorci\u00f3n del hierro.<br \/><strong>Potasio:<\/strong> Regula la presi\u00f3n arterial y la funci\u00f3n muscular.<br \/>Bajo contenido en grasas: Son un alimento ideal para dietas bajas en calor\u00edas.<\/span><\/p>\n<\/div>\n<p>&nbsp;<\/p>\n<\/div>\n<\/div>\n<p>[\/et_pb_text][\/et_pb_column][\/et_pb_row][\/et_pb_section][et_pb_section fb_built=\u00bb1&#8243; _builder_version=\u00bb4.25.1&#8243; _module_preset=\u00bbdefault\u00bb global_colors_info=\u00bb{}\u00bb][et_pb_row _builder_version=\u00bb4.25.1&#8243; _module_preset=\u00bbdefault\u00bb global_colors_info=\u00bb{}\u00bb][et_pb_column type=\u00bb4_4&#8243; _builder_version=\u00bb4.25.1&#8243; _module_preset=\u00bbdefault\u00bb global_colors_info=\u00bb{}\u00bb][et_pb_blog _builder_version=\u00bb4.25.1&#8243; _module_preset=\u00bbdefault\u00bb global_colors_info=\u00bb{}\u00bb][\/et_pb_blog][\/et_pb_column][\/et_pb_row][\/et_pb_section]<\/p>\n","protected":false},"excerpt":{"rendered":"<p>Originaria de los Andes en Am\u00e9rica del SurPatata: Nutrici\u00f3n y sabor en perfecta\u00a0 armon\u00eda. &nbsp; La patata, o papa como se le conoce en algunos pa\u00edses, es un tub\u00e9rculo perteneciente a la planta herb\u00e1cea Solanum tuberosum. Originaria de los Andes en Am\u00e9rica del Sur, ha conquistado el mundo entero convirti\u00e9ndose en uno de los alimentos [&hellip;]<\/p>\n","protected":false},"author":2,"featured_media":0,"parent":0,"menu_order":0,"comment_status":"closed","ping_status":"closed","template":"","meta":{"_et_pb_use_builder":"on","_et_pb_old_content":"<!-- wp:divi\/placeholder \/-->","_et_gb_content_width":"","footnotes":""},"class_list":["post-101","page","type-page","status-publish","hentry"],"_links":{"self":[{"href":"https:\/\/viveros.osuna.es\/index.php?rest_route=\/wp\/v2\/pages\/101","targetHints":{"allow":["GET"]}}],"collection":[{"href":"https:\/\/viveros.osuna.es\/index.php?rest_route=\/wp\/v2\/pages"}],"about":[{"href":"https:\/\/viveros.osuna.es\/index.php?rest_route=\/wp\/v2\/types\/page"}],"author":[{"embeddable":true,"href":"https:\/\/viveros.osuna.es\/index.php?rest_route=\/wp\/v2\/users\/2"}],"replies":[{"embeddable":true,"href":"https:\/\/viveros.osuna.es\/index.php?rest_route=%2Fwp%2Fv2%2Fcomments&post=101"}],"version-history":[{"count":11,"href":"https:\/\/viveros.osuna.es\/index.php?rest_route=\/wp\/v2\/pages\/101\/revisions"}],"predecessor-version":[{"id":219,"href":"https:\/\/viveros.osuna.es\/index.php?rest_route=\/wp\/v2\/pages\/101\/revisions\/219"}],"wp:attachment":[{"href":"https:\/\/viveros.osuna.es\/index.php?rest_route=%2Fwp%2Fv2%2Fmedia&parent=101"}],"curies":[{"name":"wp","href":"https:\/\/api.w.org\/{rel}","templated":true}]}}